{"id":419,"date":"2025-04-07T21:32:25","date_gmt":"2025-04-07T19:32:25","guid":{"rendered":"https:\/\/spocs.be\/?page_id=419"},"modified":"2025-04-09T18:45:28","modified_gmt":"2025-04-09T16:45:28","slug":"conditions-generales","status":"publish","type":"page","link":"https:\/\/spocs.be\/index.php\/conditions-generales\/","title":{"rendered":"Conditions G\u00e9n\u00e9rales"},"content":{"rendered":"\t\t<div data-elementor-type=\"wp-page\" data-elementor-id=\"419\" class=\"elementor elementor-419\">\n\t\t\t\t\t\t<section class=\"elementor-section elementor-top-section elementor-element elementor-element-4f318d2 elementor-section-boxed elementor-section-height-default elementor-section-height-default\" data-id=\"4f318d2\" data-element_type=\"section\">\n\t\t\t\t\t\t<div class=\"elementor-container elementor-column-gap-default\">\n\t\t\t\t\t<div class=\"elementor-column elementor-col-100 elementor-top-column elementor-element elementor-element-78c7134\" data-id=\"78c7134\" data-element_type=\"column\">\n\t\t\t<div class=\"elementor-widget-wrap\">\n\t\t\t\t\t\t\t<\/div>\n\t\t<\/div>\n\t\t\t\t\t<\/div>\n\t\t<\/section>\n\t\t\t\t<section class=\"elementor-section elementor-top-section elementor-element elementor-element-720d9b4 elementor-section-boxed elementor-section-height-default elementor-section-height-default\" data-id=\"720d9b4\" data-element_type=\"section\">\n\t\t\t\t\t\t<div class=\"elementor-container elementor-column-gap-default\">\n\t\t\t\t\t<div class=\"elementor-column elementor-col-100 elementor-top-column elementor-element elementor-element-fe9c4c2\" data-id=\"fe9c4c2\" data-element_type=\"column\">\n\t\t\t<div class=\"elementor-widget-wrap elementor-element-populated\">\n\t\t\t\t\t\t<div class=\"elementor-element elementor-element-5a46fe5 elementor-widget elementor-widget-text-editor\" data-id=\"5a46fe5\" data-element_type=\"widget\" data-widget_type=\"text-editor.default\">\n\t\t\t\t<div class=\"elementor-widget-container\">\n\t\t\t\t\t\t\t\t\t<h1 style=\"text-align: center;\"><span style=\"color: #000000;\"><strong>Conditions G\u00e9n\u00e9rales\u00a0<\/strong><\/span><\/h1><h2><span style=\"color: #000000;\">1. Objet <\/span><\/h2><p>Les pr\u00e9sentes Conditions G\u00e9n\u00e9rales d&#8217;Utilisation (CGU) d\u00e9finissent les modalit\u00e9s et conditions d&#8217;utilisation du site internet et des services propos\u00e9s par SPOCS. En acc\u00e9dant \u00e0 ce site, l&#8217;utilisateur accepte sans r\u00e9serve les pr\u00e9sentes CGU.<\/p><h2><span style=\"color: #000000;\"><strong>2. Acc\u00e8s aux services<\/strong> <\/span><\/h2><p>Le site est accessible \u00e0 tout utilisateur disposant d&#8217;un acc\u00e8s \u00e0 Internet.\u00a0<\/p><h2><span style=\"color: #000000;\"><strong>3. Utilisation du site<\/strong><\/span><\/h2><p>L&#8217;utilisateur s&#8217;engage \u00e0 utiliser le site et ses services dans le respect des lois en vigueur et des bonnes pratiques. Toute utilisation abusive, frauduleuse ou contraire \u00e0 l&#8217;ordre public est interdite.<\/p><h2><span style=\"color: #000000;\"><strong>4. Responsabilit\u00e9<\/strong> <\/span><\/h2><p>SPOCS.be met tout en \u0153uvre pour assurer l&#8217;exactitude et la mise \u00e0 jour des informations pr\u00e9sentes sur le site. Toutefois, SPOCS.be ne peut \u00eatre tenu responsable des erreurs, omissions ou indisponibilit\u00e9s du site.<\/p><h2><span style=\"color: #000000;\"><strong>5. Propri\u00e9t\u00e9 intellectuelle<\/strong> <\/span><\/h2><p>Tous les contenus pr\u00e9sents sur le site (textes, images, logos, etc.) sont prot\u00e9g\u00e9s par les lois relatives \u00e0 la propri\u00e9t\u00e9 intellectuelle. Toute reproduction ou utilisation non autoris\u00e9e est interdite.<\/p><h2><span style=\"color: #000000;\"><strong>6. Donn\u00e9es personnelles<\/strong> <\/span><\/h2><p>Les informations collect\u00e9es lors de l&#8217;utilisation du site sont trait\u00e9es dans le respect de notre Politique de Confidentialit\u00e9.<\/p><h2><span style=\"color: #000000;\"><strong>7. Modification des CGU<\/strong> <\/span><\/h2><p>SPOCS.be se r\u00e9serve le droit de modifier les pr\u00e9sentes CGU \u00e0 tout moment. Les modifications prennent effet \u00e0 la date de leur mise en ligne sur le site.<\/p><h2><span style=\"color: #000000;\"><strong>8. Loi applicable et juridiction<\/strong> <\/span><\/h2><p>Les pr\u00e9sentes CGU sont soumises au droit applicable du pays o\u00f9 est situ\u00e9 SPOCS.be. En cas de litige, les tribunaux comp\u00e9tents seront ceux du ressort de Belgique.<\/p><h2><span style=\"color: #000000;\"><strong>9. Contact<\/strong> <\/span><\/h2><p>Pour toute question concernant ces CGU, vous pouvez contacter SPOCS.be \u00e0 l&#8217;adresse suivante :<b>\u00a0<\/b><a href=\"mailto:info@spocs.be\"><b>info@spocs.be<\/b><\/a><\/p><p>.<\/p>\t\t\t\t\t\t\t\t<\/div>\n\t\t\t\t<\/div>\n\t\t\t\t\t<\/div>\n\t\t<\/div>\n\t\t\t\t\t<\/div>\n\t\t<\/section>\n\t\t\t\t<section class=\"elementor-section elementor-top-section elementor-element elementor-element-72bc066 elementor-section-boxed elementor-section-height-default elementor-section-height-default\" data-id=\"72bc066\" data-element_type=\"section\" data-settings=\"{&quot;background_background&quot;:&quot;classic&quot;}\">\n\t\t\t\t\t\t<div class=\"elementor-container elementor-column-gap-default\">\n\t\t\t\t\t<div class=\"elementor-column elementor-col-100 elementor-top-column elementor-element elementor-element-107272a\" data-id=\"107272a\" data-element_type=\"column\">\n\t\t\t<div class=\"elementor-widget-wrap elementor-element-populated\">\n\t\t\t\t\t\t<div class=\"elementor-element elementor-element-b556516 elementor-icon-list--layout-inline elementor-align-center elementor-list-item-link-full_width elementor-widget elementor-widget-icon-list\" data-id=\"b556516\" data-element_type=\"widget\" data-widget_type=\"icon-list.default\">\n\t\t\t\t<div class=\"elementor-widget-container\">\n\t\t\t\t\t\t\t<ul class=\"elementor-icon-list-items elementor-inline-items\">\n\t\t\t\t\t\t\t<li class=\"elementor-icon-list-item elementor-inline-item\">\n\t\t\t\t\t\t\t\t\t\t<span class=\"elementor-icon-list-text\">\u00a9 2025 SPOCS <\/span>\n\t\t\t\t\t\t\t\t\t<\/li>\n\t\t\t\t\t\t\t\t<li class=\"elementor-icon-list-item elementor-inline-item\">\n\t\t\t\t\t\t\t\t\t\t\t<a href=\"https:\/\/spocs.be\/index.php\/conditions-generales\/\">\n\n\t\t\t\t\t\t\t\t\t\t\t<span class=\"elementor-icon-list-text\">Conditions G\u00e9n\u00e9rales <\/span>\n\t\t\t\t\t\t\t\t\t\t\t<\/a>\n\t\t\t\t\t\t\t\t\t<\/li>\n\t\t\t\t\t\t\t\t<li class=\"elementor-icon-list-item elementor-inline-item\">\n\t\t\t\t\t\t\t\t\t\t\t<a href=\"https:\/\/spocs.be\/index.php\/politique-de-confidentialite\/\">\n\n\t\t\t\t\t\t\t\t\t\t\t<span class=\"elementor-icon-list-text\">Politique de Confidentialit\u00e9<\/span>\n\t\t\t\t\t\t\t\t\t\t\t<\/a>\n\t\t\t\t\t\t\t\t\t<\/li>\n\t\t\t\t\t\t<\/ul>\n\t\t\t\t\t\t<\/div>\n\t\t\t\t<\/div>\n\t\t\t\t\t<\/div>\n\t\t<\/div>\n\t\t\t\t\t<\/div>\n\t\t<\/section>\n\t\t\t\t<\/div>\n\t\t","protected":false},"excerpt":{"rendered":"<p>Conditions G\u00e9n\u00e9rales\u00a0 1. Objet Les pr\u00e9sentes Conditions G\u00e9n\u00e9rales d&#8217;Utilisation (CGU) d\u00e9finissent les modalit\u00e9s et conditions d&#8217;utilisation du site internet et des services propos\u00e9s par SPOCS. En acc\u00e9dant \u00e0 ce site, l&#8217;utilisateur accepte sans r\u00e9serve les pr\u00e9sentes CGU. 2. Acc\u00e8s aux services Le site est accessible \u00e0 tout utilisateur disposant d&#8217;un acc\u00e8s \u00e0 Internet.\u00a0 3. Utilisation [&hellip;]<\/p>\n","protected":false},"author":1,"featured_media":0,"parent":0,"menu_order":0,"comment_status":"closed","ping_status":"closed","template":"elementor_canvas","meta":{"footnotes":""},"class_list":["post-419","page","type-page","status-publish","hentry"],"aioseo_notices":[],"_links":{"self":[{"href":"https:\/\/spocs.be\/index.php\/wp-json\/wp\/v2\/pages\/419","targetHints":{"allow":["GET"]}}],"collection":[{"href":"https:\/\/spocs.be\/index.php\/wp-json\/wp\/v2\/pages"}],"about":[{"href":"https:\/\/spocs.be\/index.php\/wp-json\/wp\/v2\/types\/page"}],"author":[{"embeddable":true,"href":"https:\/\/spocs.be\/index.php\/wp-json\/wp\/v2\/users\/1"}],"replies":[{"embeddable":true,"href":"https:\/\/spocs.be\/index.php\/wp-json\/wp\/v2\/comments?post=419"}],"version-history":[{"count":19,"href":"https:\/\/spocs.be\/index.php\/wp-json\/wp\/v2\/pages\/419\/revisions"}],"predecessor-version":[{"id":768,"href":"https:\/\/spocs.be\/index.php\/wp-json\/wp\/v2\/pages\/419\/revisions\/768"}],"wp:attachment":[{"href":"https:\/\/spocs.be\/index.php\/wp-json\/wp\/v2\/media?parent=419"}],"curies":[{"name":"wp","href":"https:\/\/api.w.org\/{rel}","templated":true}]}}