{"id":427,"date":"2025-04-07T21:32:40","date_gmt":"2025-04-07T19:32:40","guid":{"rendered":"https:\/\/spocs.be\/?page_id=427"},"modified":"2025-04-09T18:45:32","modified_gmt":"2025-04-09T16:45:32","slug":"politique-de-confidentialite","status":"publish","type":"page","link":"https:\/\/spocs.be\/index.php\/politique-de-confidentialite\/","title":{"rendered":"Politique de Confidentialit\u00e9"},"content":{"rendered":"\t\t<div data-elementor-type=\"wp-page\" data-elementor-id=\"427\" class=\"elementor elementor-427\">\n\t\t\t\t\t\t<section class=\"elementor-section elementor-top-section elementor-element elementor-element-6162d35 elementor-section-boxed elementor-section-height-default elementor-section-height-default\" data-id=\"6162d35\" data-element_type=\"section\">\n\t\t\t\t\t\t<div class=\"elementor-container elementor-column-gap-default\">\n\t\t\t\t\t<div class=\"elementor-column elementor-col-100 elementor-top-column elementor-element elementor-element-590036a\" data-id=\"590036a\" data-element_type=\"column\">\n\t\t\t<div class=\"elementor-widget-wrap\">\n\t\t\t\t\t\t\t<\/div>\n\t\t<\/div>\n\t\t\t\t\t<\/div>\n\t\t<\/section>\n\t\t\t\t<section class=\"elementor-section elementor-top-section elementor-element elementor-element-4aa233f elementor-section-boxed elementor-section-height-default elementor-section-height-default\" data-id=\"4aa233f\" data-element_type=\"section\">\n\t\t\t\t\t\t<div class=\"elementor-container elementor-column-gap-default\">\n\t\t\t\t\t<div class=\"elementor-column elementor-col-100 elementor-top-column elementor-element elementor-element-8035341\" data-id=\"8035341\" data-element_type=\"column\">\n\t\t\t<div class=\"elementor-widget-wrap elementor-element-populated\">\n\t\t\t\t\t\t<div class=\"elementor-element elementor-element-1dd8069 elementor-widget elementor-widget-text-editor\" data-id=\"1dd8069\" data-element_type=\"widget\" data-widget_type=\"text-editor.default\">\n\t\t\t\t<div class=\"elementor-widget-container\">\n\t\t\t\t\t\t\t\t\t<h1 style=\"text-align: center;\" data-pm-slice=\"1 1 []\"><strong>Politique de Confidentialit\u00e9<\/strong><\/h1><h2 data-pm-slice=\"1 1 []\"><span style=\"color: #000000;\"><strong>1. Introduction<\/strong> <\/span><\/h2><p data-pm-slice=\"1 1 []\">La protection de vos donn\u00e9es personnelles est une priorit\u00e9. Cette politique de confidentialit\u00e9 explique comment nous collectons, utilisons et prot\u00e9geons vos informations lorsque vous utilisez nos site internet.<\/p><h2><strong>2. Donn\u00e9es collect\u00e9es<\/strong><\/h2><p data-pm-slice=\"1 3 []\">Nous pouvons \u00eatre amen\u00e9s \u00e0 collecter les donn\u00e9es suivantes :<\/p><ul data-spread=\"false\"><li><p>Informations d\u2019identification (nom, pr\u00e9nom, email, t\u00e9l\u00e9phone) lorsque vous nous contactez.<\/p><\/li><\/ul><h2><span style=\"color: #000000;\"><strong>3. Utilisation des donn\u00e9es<\/strong> <\/span><\/h2><p>Vos informations sont utilis\u00e9es uniquement pour :<\/p><ul data-spread=\"false\"><li><p>La gestion et l&#8217;am\u00e9lioration de nos services.<\/p><\/li><li><p>La communication avec vous en r\u00e9ponse \u00e0 vos demandes.<\/p><\/li><li><p>Le respect des obligations l\u00e9gales.<\/p><\/li><\/ul><h2><span style=\"color: #000000;\"><strong>4. Partage des donn\u00e9es<\/strong> <\/span><\/h2><p>Nous ne partageons pas vos donn\u00e9es avec des tiers, sauf dans les cas suivants :<\/p><ul data-spread=\"false\"><li><p>Lorsque la loi l&#8217;exige.<\/p><\/li><li><p>Avec nos prestataires techniques sous contrat garantissant la confidentialit\u00e9 des informations.<\/p><\/li><\/ul><h2><span style=\"color: #000000;\"><strong>5. S\u00e9curit\u00e9 des donn\u00e9es<\/strong> <\/span><\/h2><p>Nous mettons en place des mesures techniques et organisationnelles pour prot\u00e9ger vos donn\u00e9es contre tout acc\u00e8s non autoris\u00e9, perte ou alt\u00e9ration.<\/p><h2><span style=\"color: #000000;\"><strong>6. Dur\u00e9e de conservation<\/strong> <\/span><\/h2><p>Vos donn\u00e9es sont conserv\u00e9es uniquement le temps n\u00e9cessaire \u00e0 la r\u00e9alisation des finalit\u00e9s pour lesquelles elles ont \u00e9t\u00e9 collect\u00e9es, dans le respect des obligations l\u00e9gales.<\/p><h2><span style=\"color: #000000;\"><strong>7. Cookies<\/strong> <\/span><\/h2><p>Nous utilisons des cookies pour am\u00e9liorer votre exp\u00e9rience sur notre site. Vous pouvez configurer votre navigateur pour refuser les cookies si vous le souhaitez.<\/p><h2><span style=\"color: #000000;\"><strong>8. Modifications de la politique de confidentialit\u00e9<\/strong> <\/span><\/h2><p>Nous nous r\u00e9servons le droit de modifier cette politique \u00e0 tout moment. Toute modification sera publi\u00e9e sur cette page.<\/p><h2><span style=\"color: #000000;\"><strong>9. Contact<\/strong> <\/span><\/h2><p>Pour toute question concernant notre politique de confidentialit\u00e9, vous pouvez nous contacter \u00e0 :<b>\u00a0<\/b><a href=\"mailto:info@spocs.be\"><b>info@spocs.be<\/b><\/a><\/p><p>.<\/p>\t\t\t\t\t\t\t\t<\/div>\n\t\t\t\t<\/div>\n\t\t\t\t\t<\/div>\n\t\t<\/div>\n\t\t\t\t\t<\/div>\n\t\t<\/section>\n\t\t\t\t<section class=\"elementor-section elementor-top-section elementor-element elementor-element-7f37e34 elementor-section-boxed elementor-section-height-default elementor-section-height-default\" data-id=\"7f37e34\" data-element_type=\"section\" data-settings=\"{&quot;background_background&quot;:&quot;classic&quot;}\">\n\t\t\t\t\t\t<div class=\"elementor-container elementor-column-gap-default\">\n\t\t\t\t\t<div class=\"elementor-column elementor-col-100 elementor-top-column elementor-element elementor-element-621dae2\" data-id=\"621dae2\" data-element_type=\"column\">\n\t\t\t<div class=\"elementor-widget-wrap elementor-element-populated\">\n\t\t\t\t\t\t<div class=\"elementor-element elementor-element-84a5fbb elementor-icon-list--layout-inline elementor-align-center elementor-list-item-link-full_width elementor-widget elementor-widget-icon-list\" data-id=\"84a5fbb\" data-element_type=\"widget\" data-widget_type=\"icon-list.default\">\n\t\t\t\t<div class=\"elementor-widget-container\">\n\t\t\t\t\t\t\t<ul class=\"elementor-icon-list-items elementor-inline-items\">\n\t\t\t\t\t\t\t<li class=\"elementor-icon-list-item elementor-inline-item\">\n\t\t\t\t\t\t\t\t\t\t<span class=\"elementor-icon-list-text\">\u00a9 2025 SPOCS <\/span>\n\t\t\t\t\t\t\t\t\t<\/li>\n\t\t\t\t\t\t\t\t<li class=\"elementor-icon-list-item elementor-inline-item\">\n\t\t\t\t\t\t\t\t\t\t\t<a href=\"https:\/\/spocs.be\/index.php\/conditions-generales\/\">\n\n\t\t\t\t\t\t\t\t\t\t\t<span class=\"elementor-icon-list-text\">Conditions G\u00e9n\u00e9rales <\/span>\n\t\t\t\t\t\t\t\t\t\t\t<\/a>\n\t\t\t\t\t\t\t\t\t<\/li>\n\t\t\t\t\t\t\t\t<li class=\"elementor-icon-list-item elementor-inline-item\">\n\t\t\t\t\t\t\t\t\t\t\t<a href=\"https:\/\/spocs.be\/index.php\/politique-de-confidentialite\/\">\n\n\t\t\t\t\t\t\t\t\t\t\t<span class=\"elementor-icon-list-text\">Politique de Confidentialit\u00e9<\/span>\n\t\t\t\t\t\t\t\t\t\t\t<\/a>\n\t\t\t\t\t\t\t\t\t<\/li>\n\t\t\t\t\t\t<\/ul>\n\t\t\t\t\t\t<\/div>\n\t\t\t\t<\/div>\n\t\t\t\t\t<\/div>\n\t\t<\/div>\n\t\t\t\t\t<\/div>\n\t\t<\/section>\n\t\t\t\t<\/div>\n\t\t","protected":false},"excerpt":{"rendered":"<p>Politique de Confidentialit\u00e9 1. Introduction La protection de vos donn\u00e9es personnelles est une priorit\u00e9. Cette politique de confidentialit\u00e9 explique comment nous collectons, utilisons et prot\u00e9geons vos informations lorsque vous utilisez nos site internet. 2. Donn\u00e9es collect\u00e9es Nous pouvons \u00eatre amen\u00e9s \u00e0 collecter les donn\u00e9es suivantes : Informations d\u2019identification (nom, pr\u00e9nom, email, t\u00e9l\u00e9phone) lorsque vous nous [&hellip;]<\/p>\n","protected":false},"author":1,"featured_media":0,"parent":0,"menu_order":0,"comment_status":"closed","ping_status":"closed","template":"elementor_canvas","meta":{"footnotes":""},"class_list":["post-427","page","type-page","status-publish","hentry"],"aioseo_notices":[],"_links":{"self":[{"href":"https:\/\/spocs.be\/index.php\/wp-json\/wp\/v2\/pages\/427","targetHints":{"allow":["GET"]}}],"collection":[{"href":"https:\/\/spocs.be\/index.php\/wp-json\/wp\/v2\/pages"}],"about":[{"href":"https:\/\/spocs.be\/index.php\/wp-json\/wp\/v2\/types\/page"}],"author":[{"embeddable":true,"href":"https:\/\/spocs.be\/index.php\/wp-json\/wp\/v2\/users\/1"}],"replies":[{"embeddable":true,"href":"https:\/\/spocs.be\/index.php\/wp-json\/wp\/v2\/comments?post=427"}],"version-history":[{"count":16,"href":"https:\/\/spocs.be\/index.php\/wp-json\/wp\/v2\/pages\/427\/revisions"}],"predecessor-version":[{"id":771,"href":"https:\/\/spocs.be\/index.php\/wp-json\/wp\/v2\/pages\/427\/revisions\/771"}],"wp:attachment":[{"href":"https:\/\/spocs.be\/index.php\/wp-json\/wp\/v2\/media?parent=427"}],"curies":[{"name":"wp","href":"https:\/\/api.w.org\/{rel}","templated":true}]}}